{"id":31,"date":"2015-10-21T12:34:01","date_gmt":"2015-10-21T12:34:01","guid":{"rendered":"http:\/\/test.kriesi.at\/construction\/?page_id=31"},"modified":"2025-12-03T15:37:50","modified_gmt":"2025-12-03T14:37:50","slug":"kontakt","status":"publish","type":"page","link":"http:\/\/e-ag-mals.it\/?page_id=31","title":{"rendered":"Kontakt"},"content":{"rendered":"<div id='full_slider_1'  class='avia-fullwidth-slider main_color avia-shadow   avia-builder-el-0  el_before_av_section  avia-builder-el-first   container_wrap sidebar_right'  ><div  class='avia-slideshow av-chswx8-32343e581265c1ada5d54d8e2c304187 av-control-minimal avia-slideshow-no scaling av_slideshow_full avia-fade-slider av-default-height-applied   avia-slideshow-1'  data-size='no scaling'  data-lightbox_size='large'  data-animation='fade'  data-conditional_play=''  data-ids='714'  data-video_counter='0'  data-autoplay='true'  data-bg_slider='false'  data-slide_height=''  data-handle='av_slideshow_full'  data-interval='5'  data-class=''  data-extra_class=' '  data-el_id=''  data-css_id=''  data-scroll_down=''  data-control_layout='av-control-minimal'  data-custom_markup=''  data-perma_caption=''  data-autoplay_stopper=''  data-image_attachment=''  data-min_height='0px'  data-lazy_loading='disabled'  data-default-height='66.71875'  data-stretch=''  data-src=''  data-position='top left'  data-repeat='no-repeat'  data-attach='scroll'  data-img_scrset=''  data-av-desktop-hide=''  data-av-medium-hide=''  data-av-small-hide=''  data-av-mini-hide=''  data-id=''  data-custom_class=''  data-template_class=''  data-av_uid='av-chswx8'  data-sc_version='1.0'  data-heading_tag=''  data-heading_class=''   itemprop=\"image\" itemscope=\"itemscope\" itemtype=\"https:\/\/schema.org\/ImageObject\" ><ul class='avia-slideshow-inner ' style='padding-bottom: 66.71875%;'><li  class='avia-slideshow-slide av-chswx8-32343e581265c1ada5d54d8e2c304187__0  av-single-slide slide-1 ' ><div data-rel='slideshow-1' class='avia-slide-wrap '   ><img decoding=\"async\" class=\"wp-image-714 avia-img-lazy-loading-not-714\"  src=\"http:\/\/e-ag-mals.it\/wp-content\/uploads\/2019\/11\/e-ag-1.jpg\" width=\"1280\" height=\"854\" title='e-ag' alt=''  itemprop=\"thumbnailUrl\" srcset=\"http:\/\/e-ag-mals.it\/wp-content\/uploads\/2019\/11\/e-ag-1.jpg 1280w, http:\/\/e-ag-mals.it\/wp-content\/uploads\/2019\/11\/e-ag-1-300x200.jpg 300w, http:\/\/e-ag-mals.it\/wp-content\/uploads\/2019\/11\/e-ag-1-768x512.jpg 768w, http:\/\/e-ag-mals.it\/wp-content\/uploads\/2019\/11\/e-ag-1-1030x687.jpg 1030w, http:\/\/e-ag-mals.it\/wp-content\/uploads\/2019\/11\/e-ag-1-705x470.jpg 705w\" sizes=\"(max-width: 1280px) 100vw, 1280px\" \/><div class='av-section-color-overlay' style='opacity: 0.2; background-color: #000000; '><\/div><\/div><\/li><\/ul><\/div><\/div>\n\n<style type=\"text\/css\" data-created_by=\"avia_inline_auto\" id=\"style-css-av-bsohic-2141a28f38d33906f36a3579cf202a7a\">\n.avia-section.av-bsohic-2141a28f38d33906f36a3579cf202a7a .av-parallax .av-parallax-inner{\nbackground-color:#a38715;\nbackground-repeat:no-repeat;\nbackground-image:url(http:\/\/e-ag-mals.it\/wp-content\/uploads\/2015\/10\/house-wire-model-fade-white-1500x1085.png);\nbackground-position:100% 50%;\nbackground-attachment:scroll;\n}\n<\/style>\n<div id='av_section_1'  class='avia-section av-bsohic-2141a28f38d33906f36a3579cf202a7a main_color avia-section-default avia-no-border-styling  avia-builder-el-1  el_after_av_slideshow_full  el_before_av_section  avia-full-stretch av-parallax-section avia-bg-style-parallax container_wrap sidebar_right'  data-section-bg-repeat='stretch'><div class='av-parallax' data-avia-parallax-ratio='0.3' ><div class='av-parallax-inner main_color avia-full-stretch'><\/div><\/div><div class='container av-section-cont-open' ><div class='template-page content  av-content-small alpha units'><div class='post-entry post-entry-type-page post-entry-31'><div class='entry-content-wrapper clearfix'>\n<div class='flex_column_table av-bn2a6s-e6c158e679dfa76505d028b42824c9c1 sc-av_one_full av-equal-height-column-flextable'>\n<style type=\"text\/css\" data-created_by=\"avia_inline_auto\" id=\"style-css-av-bn2a6s-e6c158e679dfa76505d028b42824c9c1\">\n.flex_column.av-bn2a6s-e6c158e679dfa76505d028b42824c9c1{\nborder-radius:0px 0px 0px 0px;\n-webkit-border-radius:0px 0px 0px 0px;\n-moz-border-radius:0px 0px 0px 0px;\n}\n<\/style>\n<div class='flex_column av-bn2a6s-e6c158e679dfa76505d028b42824c9c1 av_one_full  avia-builder-el-2  avia-builder-el-no-sibling  first flex_column_table_cell av-equal-height-column av-align-middle  av-animated-generic left-to-right av-zero-column-padding '   ><style type=\"text\/css\" data-created_by=\"avia_inline_auto\" id=\"style-css-av-k7ddagmb-964bfb5f2de5ba0dee53bbbb63ef4f34\">\n#top .av-special-heading.av-k7ddagmb-964bfb5f2de5ba0dee53bbbb63ef4f34{\npadding-bottom:0px;\ncolor:#ffffff;\nfont-size:30px;\n}\nbody .av-special-heading.av-k7ddagmb-964bfb5f2de5ba0dee53bbbb63ef4f34 .av-special-heading-tag .heading-char{\nfont-size:25px;\n}\n#top #wrap_all .av-special-heading.av-k7ddagmb-964bfb5f2de5ba0dee53bbbb63ef4f34 .av-special-heading-tag{\nfont-size:30px;\n}\n.av-special-heading.av-k7ddagmb-964bfb5f2de5ba0dee53bbbb63ef4f34 .special-heading-inner-border{\nborder-color:#ffffff;\n}\n.av-special-heading.av-k7ddagmb-964bfb5f2de5ba0dee53bbbb63ef4f34 .av-subheading{\nfont-size:15px;\n}\n<\/style>\n<div  class='av-special-heading av-k7ddagmb-964bfb5f2de5ba0dee53bbbb63ef4f34 av-special-heading-h3 custom-color-heading blockquote modern-quote modern-centered  avia-builder-el-3  avia-builder-el-no-sibling  av-inherit-size av-linked-heading'><h3 class='av-special-heading-tag'  itemprop=\"headline\"  ><a class=\"av-heading-link\" href=\"http:\/\/e-ag-mals.it\/?page_id=2\">24 h \u2013 Im Notfall f\u00fcr dich da!<\/a><\/h3><div class=\"special-heading-border\"><div class=\"special-heading-inner-border\"><\/div><\/div><\/div><\/div><\/div><!--close column table wrapper. Autoclose: 1 -->\n\n<\/div><\/div><\/div><!-- close content main div --><\/div><\/div><div id='av_section_2'  class='avia-section av-b1nx5w-a53e12c369d37a259240f19f6eb6b675 main_color avia-section-large avia-no-border-styling  avia-builder-el-4  el_after_av_section  avia-builder-el-last  avia-bg-style-scroll container_wrap sidebar_right'  ><div class='container av-section-cont-open' ><div class='template-page content  av-content-small alpha units'><div class='post-entry post-entry-type-page post-entry-31'><div class='entry-content-wrapper clearfix'>\n\n<style type=\"text\/css\" data-created_by=\"avia_inline_auto\" id=\"style-css-av-pvkz-06b127057da9604a966ce24aff5e8610\">\n#top .av-special-heading.av-pvkz-06b127057da9604a966ce24aff5e8610{\npadding-bottom:0px;\n}\nbody .av-special-heading.av-pvkz-06b127057da9604a966ce24aff5e8610 .av-special-heading-tag .heading-char{\nfont-size:25px;\n}\n.av-special-heading.av-pvkz-06b127057da9604a966ce24aff5e8610 .av-subheading{\nfont-size:15px;\n}\n<\/style>\n<div  class='av-special-heading av-pvkz-06b127057da9604a966ce24aff5e8610 av-special-heading-h2 blockquote modern-quote modern-centered  avia-builder-el-5  el_before_av_hr  avia-builder-el-first  av-linked-heading'><h2 class='av-special-heading-tag'  itemprop=\"headline\"  >Kontakt<\/h2><div class=\"special-heading-border\"><div class=\"special-heading-inner-border\"><\/div><\/div><\/div>\n\n<style type=\"text\/css\" data-created_by=\"avia_inline_auto\" id=\"style-css-av-aly9qk-c4004e6b3f905650de171bd762fcde9d\">\n#top .hr.av-aly9qk-c4004e6b3f905650de171bd762fcde9d{\nmargin-top:5px;\nmargin-bottom:35px;\n}\n.hr.av-aly9qk-c4004e6b3f905650de171bd762fcde9d .hr-inner{\nwidth:50px;\nborder-color:#a38715;\n}\n<\/style>\n<div  class='hr av-aly9qk-c4004e6b3f905650de171bd762fcde9d hr-custom  avia-builder-el-6  el_after_av_heading  el_before_av_one_half  hr-center hr-icon-no'><span class='hr-inner inner-border-av-border-fat'><span class=\"hr-inner-style\"><\/span><\/span><\/div>\n\n<style type=\"text\/css\" data-created_by=\"avia_inline_auto\" id=\"style-css-av-ak9z7o-55ba40732c937e64db8961ba3475ea62\">\n.flex_column.av-ak9z7o-55ba40732c937e64db8961ba3475ea62{\nborder-radius:0px 0px 0px 0px;\n-webkit-border-radius:0px 0px 0px 0px;\n-moz-border-radius:0px 0px 0px 0px;\n}\n<\/style>\n<div class='flex_column av-ak9z7o-55ba40732c937e64db8961ba3475ea62 av_one_half  avia-builder-el-7  el_after_av_hr  el_before_av_one_half  first flex_column_div  av-animated-generic bottom-to-top av-zero-column-padding '   ><section  class='av_textblock_section av-88cack-6507c065e949d2c681b26027f47a1206'  itemscope=\"itemscope\" itemtype=\"https:\/\/schema.org\/CreativeWork\" ><div class='avia_textblock'  itemprop=\"text\" ><p><strong>E-AG<\/strong><br \/>\nBahnhofstra\u00dfe 37\/B<br \/>\n39024 Mals<\/p>\n<p><strong>Mwst. &#8211; St.Nr.: IT 02541180218<\/strong><\/p>\n<p><strong>\u00d6ffnungszeiten:<\/strong> Montag &#8211; Freitag 8.30 &#8211; 12.00 Uhr<\/p>\n<p><strong>Notfall-Nummer Dienst\/Bereitschaft:<br \/>\n<\/strong>Die folgende Notfallnummer f\u00fcr die Meldung von Wasser- oder Dampfverlusten im Netz, von Unregelm\u00e4\u00dfigkeiten oder von Unterbrechungen der Lieferung ist kostenlos und 24 Stunden am Tag, jeden Tag aktiv: +39 0473 530 040<\/p>\n<p><strong>Gesch\u00e4ftsf\u00fchrer<\/strong>:\u00a0 Thaler Andreas (+39 3423630511)<\/p>\n<p><strong>Heizwarte:<\/strong> Mur Roland, Stecher Josef (+39 3466070588)<\/p>\n<p><strong>Tel<\/strong>. 0473 849521<br \/>\n<strong>E-mail:<\/strong> info@e-ag-mals.it<\/p>\n<p><strong>PEC-Mail: <\/strong>e-ag-mals@pec.rolmail.net<\/p>\n<\/div><\/section><\/div>\n<style type=\"text\/css\" data-created_by=\"avia_inline_auto\" id=\"style-css-av-vmruk-de0a54181f83337a4cbda07d6b2eee15\">\n.flex_column.av-vmruk-de0a54181f83337a4cbda07d6b2eee15{\nborder-radius:0px 0px 0px 0px;\n-webkit-border-radius:0px 0px 0px 0px;\n-moz-border-radius:0px 0px 0px 0px;\n}\n<\/style>\n<div class='flex_column av-vmruk-de0a54181f83337a4cbda07d6b2eee15 av_one_half  avia-builder-el-9  el_after_av_one_half  el_before_av_hr  flex_column_div  av-animated-generic bottom-to-top av-zero-column-padding '   ><div  class='av_gmaps_sc_main_wrap av_gmaps_main_wrap '><div id='av_gmap_0' class='avia-google-map-container avia-google-map-sc av_gmaps_show_unconditionally av-no-fallback-img ' data-mapid='av_gmap_0'  style='height: 400px;'><a class=\"av_gmaps_browser_disabled av_text_confirm_link av_text_confirm_link_visible\" href=\"https:\/\/www.google.com\/maps\/search\/?api=1&#038;query=\" target=\"_blank\" rel=\"noopener\">Aufgrund deiner Datenschutz-Einstellungen k\u00f6nnen wir Ihnen die Karte nicht anzeigen. Klicken Sie hier, um die Karte in einem neuen Fenster zu \u00f6ffnen.<\/a><\/div><\/div><\/div>\n<style type=\"text\/css\" data-created_by=\"avia_inline_auto\" id=\"style-css-av-7yfrh0-abc2608b7e1fec90ec64efe64bea2fdb\">\n#top .hr.hr-invisible.av-7yfrh0-abc2608b7e1fec90ec64efe64bea2fdb{\nheight:50px;\n}\n<\/style>\n<div  class='hr av-7yfrh0-abc2608b7e1fec90ec64efe64bea2fdb hr-invisible  avia-builder-el-11  el_after_av_one_half  avia-builder-el-last '><span class='hr-inner '><span class=\"hr-inner-style\"><\/span><\/span><\/div>\n<\/div><\/div><\/div><!-- close content main div --><\/div><\/div><div id='after_section_2'  class='main_color av_default_container_wrap container_wrap sidebar_right'  ><div class='container av-section-cont-open' ><div class='template-page content  av-content-small alpha units'><div class='post-entry post-entry-type-page post-entry-31'><div class='entry-content-wrapper clearfix'>\n","protected":false},"excerpt":{"rendered":"","protected":false},"author":2,"featured_media":0,"parent":0,"menu_order":0,"comment_status":"closed","ping_status":"closed","template":"","meta":{"footnotes":""},"class_list":["post-31","page","type-page","status-publish","hentry"],"_links":{"self":[{"href":"http:\/\/e-ag-mals.it\/index.php?rest_route=\/wp\/v2\/pages\/31"}],"collection":[{"href":"http:\/\/e-ag-mals.it\/index.php?rest_route=\/wp\/v2\/pages"}],"about":[{"href":"http:\/\/e-ag-mals.it\/index.php?rest_route=\/wp\/v2\/types\/page"}],"author":[{"embeddable":true,"href":"http:\/\/e-ag-mals.it\/index.php?rest_route=\/wp\/v2\/users\/2"}],"replies":[{"embeddable":true,"href":"http:\/\/e-ag-mals.it\/index.php?rest_route=%2Fwp%2Fv2%2Fcomments&post=31"}],"version-history":[{"count":12,"href":"http:\/\/e-ag-mals.it\/index.php?rest_route=\/wp\/v2\/pages\/31\/revisions"}],"predecessor-version":[{"id":1460,"href":"http:\/\/e-ag-mals.it\/index.php?rest_route=\/wp\/v2\/pages\/31\/revisions\/1460"}],"wp:attachment":[{"href":"http:\/\/e-ag-mals.it\/index.php?rest_route=%2Fwp%2Fv2%2Fmedia&parent=31"}],"curies":[{"name":"wp","href":"https:\/\/api.w.org\/{rel}","templated":true}]}}