{"id":740,"date":"2020-01-06T15:26:49","date_gmt":"2020-01-06T14:26:49","guid":{"rendered":"http:\/\/e-ag-mals.it\/?page_id=740"},"modified":"2022-02-22T10:50:25","modified_gmt":"2022-02-22T09:50:25","slug":"glasfaser","status":"publish","type":"page","link":"http:\/\/e-ag-mals.it\/?page_id=740","title":{"rendered":"Glasfaser"},"content":{"rendered":"<div id='full_slider_1'  class='avia-fullwidth-slider main_color avia-shadow   avia-builder-el-0  el_before_av_section  avia-builder-el-first   container_wrap sidebar_right'  ><div  class='avia-slideshow av-chswx8-32343e581265c1ada5d54d8e2c304187 av-control-minimal avia-slideshow-no scaling av_slideshow_full avia-fade-slider av-default-height-applied   avia-slideshow-1'  data-size='no scaling'  data-lightbox_size='large'  data-animation='fade'  data-conditional_play=''  data-ids='690'  data-video_counter='0'  data-autoplay='true'  data-bg_slider='false'  data-slide_height=''  data-handle='av_slideshow_full'  data-interval='5'  data-class=''  data-extra_class=' '  data-el_id=''  data-css_id=''  data-scroll_down=''  data-control_layout='av-control-minimal'  data-custom_markup=''  data-perma_caption=''  data-autoplay_stopper=''  data-image_attachment=''  data-min_height='0px'  data-lazy_loading='disabled'  data-default-height='45.839210155148'  data-stretch=''  data-src=''  data-position='top left'  data-repeat='no-repeat'  data-attach='scroll'  data-img_scrset=''  data-av-desktop-hide=''  data-av-medium-hide=''  data-av-small-hide=''  data-av-mini-hide=''  data-id=''  data-custom_class=''  data-template_class=''  data-av_uid='av-chswx8'  data-sc_version='1.0'  data-heading_tag=''  data-heading_class=''   itemprop=\"image\" itemscope=\"itemscope\" itemtype=\"https:\/\/schema.org\/ImageObject\" ><ul class='avia-slideshow-inner ' style='padding-bottom: 45.839210155148%;'><li  class='avia-slideshow-slide av-chswx8-32343e581265c1ada5d54d8e2c304187__0  av-single-slide slide-1 ' ><div data-rel='slideshow-1' class='avia-slide-wrap '   ><div class='av-slideshow-caption av-chswx8-32343e581265c1ada5d54d8e2c304187__0 caption_fullwidth caption_left'><div class=\"container caption_container\"><div class=\"slideshow_caption\"><div class=\"slideshow_inner_caption\"><div class=\"slideshow_align_caption\"><h2 class='avia-caption-title '  itemprop=\"name\" >Mein Internet<\/h2><div class='avia-caption-content '  itemprop=\"description\" ><p>Highspeed f\u00fcr Mals \u2013 wir sorgen f\u00fcr deine Verbindung zur Welt<\/p>\n<\/div><\/div><\/div><\/div><\/div><\/div><img decoding=\"async\" class=\"wp-image-690 avia-img-lazy-loading-not-690\"  src=\"http:\/\/e-ag-mals.it\/wp-content\/uploads\/2019\/11\/Glasfaser_Vinschgau_Mals.jpg\" width=\"2836\" height=\"1300\" title='Glasfaser_Vinschgau_Mals' alt=''  itemprop=\"thumbnailUrl\" srcset=\"http:\/\/e-ag-mals.it\/wp-content\/uploads\/2019\/11\/Glasfaser_Vinschgau_Mals.jpg 2836w, http:\/\/e-ag-mals.it\/wp-content\/uploads\/2019\/11\/Glasfaser_Vinschgau_Mals-300x138.jpg 300w, http:\/\/e-ag-mals.it\/wp-content\/uploads\/2019\/11\/Glasfaser_Vinschgau_Mals-768x352.jpg 768w, http:\/\/e-ag-mals.it\/wp-content\/uploads\/2019\/11\/Glasfaser_Vinschgau_Mals-1030x472.jpg 1030w, http:\/\/e-ag-mals.it\/wp-content\/uploads\/2019\/11\/Glasfaser_Vinschgau_Mals-1500x688.jpg 1500w, http:\/\/e-ag-mals.it\/wp-content\/uploads\/2019\/11\/Glasfaser_Vinschgau_Mals-705x323.jpg 705w\" sizes=\"(max-width: 2836px) 100vw, 2836px\" \/><div class='av-section-color-overlay' style='opacity: 0.2; background-color: #000000; '><\/div><\/div><\/li><\/ul><\/div><\/div>\n<div id='av_section_1'  class='avia-section av-b1nx5w-a53e12c369d37a259240f19f6eb6b675 main_color avia-section-large avia-no-border-styling  avia-builder-el-1  el_after_av_slideshow_full  avia-builder-el-last  avia-bg-style-scroll container_wrap sidebar_right'  ><div class='container av-section-cont-open' ><div class='template-page content  av-content-small alpha units'><div class='post-entry post-entry-type-page post-entry-740'><div class='entry-content-wrapper clearfix'>\n\n<style type=\"text\/css\" data-created_by=\"avia_inline_auto\" id=\"style-css-av-axar0-027bde53e0da9f95e2b5f059ecd30260\">\n#top .av-special-heading.av-axar0-027bde53e0da9f95e2b5f059ecd30260{\npadding-bottom:0px;\n}\nbody .av-special-heading.av-axar0-027bde53e0da9f95e2b5f059ecd30260 .av-special-heading-tag .heading-char{\nfont-size:25px;\n}\n.av-special-heading.av-axar0-027bde53e0da9f95e2b5f059ecd30260 .av-subheading{\nfont-size:15px;\n}\n<\/style>\n<div  class='av-special-heading av-axar0-027bde53e0da9f95e2b5f059ecd30260 av-special-heading-h2 blockquote modern-quote modern-centered  avia-builder-el-2  el_before_av_hr  avia-builder-el-first  av-linked-heading'><h2 class='av-special-heading-tag'  itemprop=\"headline\"  >Glasfaser<\/h2><div class=\"special-heading-border\"><div class=\"special-heading-inner-border\"><\/div><\/div><\/div>\n\n<style type=\"text\/css\" data-created_by=\"avia_inline_auto\" id=\"style-css-av-aly9qk-c4004e6b3f905650de171bd762fcde9d\">\n#top .hr.av-aly9qk-c4004e6b3f905650de171bd762fcde9d{\nmargin-top:5px;\nmargin-bottom:35px;\n}\n.hr.av-aly9qk-c4004e6b3f905650de171bd762fcde9d .hr-inner{\nwidth:50px;\nborder-color:#a38715;\n}\n<\/style>\n<div  class='hr av-aly9qk-c4004e6b3f905650de171bd762fcde9d hr-custom  avia-builder-el-3  el_after_av_heading  el_before_av_one_full  hr-center hr-icon-no'><span class='hr-inner inner-border-av-border-fat'><span class=\"hr-inner-style\"><\/span><\/span><\/div>\n\n<style type=\"text\/css\" data-created_by=\"avia_inline_auto\" id=\"style-css-av-1li4h9-2f45ff07fc5bcbd01c72a53b6254bb2c\">\n.flex_column.av-1li4h9-2f45ff07fc5bcbd01c72a53b6254bb2c{\nborder-radius:0px 0px 0px 0px;\n-webkit-border-radius:0px 0px 0px 0px;\n-moz-border-radius:0px 0px 0px 0px;\n}\n<\/style>\n<div class='flex_column av-1li4h9-2f45ff07fc5bcbd01c72a53b6254bb2c av_one_full  avia-builder-el-4  el_after_av_hr  avia-builder-el-last  first flex_column_div av-zero-column-padding '   ><section  class='av_textblock_section av-k52pflbz-03bd085fac7995483f9d5b9ec77e5d4f'  itemscope=\"itemscope\" itemtype=\"https:\/\/schema.org\/CreativeWork\" ><div class='avia_textblock'  itemprop=\"text\" ><p><span style=\"font-weight: 400;\">Der Ausbau des Glasfasernetzes durch die E-AG wurde im Jahr 2018 ins Leben gerufen und bis 2021 wurde der Ausbau in Mals, Laatsch und Burgeis durchgef\u00fchrt. Ebenso wurde im Jahr 2021 die Fraktion Schlinig \u00fcber die INFRANET AG an das Glasfasernetz angeschlossen.<br \/>\n<\/span><\/p>\n<p><span style=\"font-weight: 400;\"> Mit dem Jahr 2022 wurde die bestehende Infrastruktur an die INFRANET AG verkauft.<\/span><\/p>\n<p><strong>Was ist Glasfaser Internet?<\/strong><\/p>\n<p><span style=\"font-weight: 400;\">Glasfaser ist die schnellste Internet-Technologie mit besonders schnellen \u00dcbertragungsraten.\u00a0<\/span><\/p>\n<p><strong>Modalit\u00e4ten zum Anschluss:<\/strong><\/p>\n<ul>\n<li style=\"font-weight: 400;\"><span style=\"font-weight: 400;\">Vertr\u00e4ge bzw. der Anschluss f\u00fcr das Glasfaser-Internet k\u00f6nnen direkt mit den Providern abgeschlossen bzw. angefragt werden (Konverto, Telmekom, S\u00fcdtirolnet, Brennercom u. VION)\u00a0<\/span><\/li>\n<li>Der Anschluss im Haus erfolgt durch den Kunden selbst bzw. durch den Hauselektriker<\/li>\n<\/ul>\n<p><span style=\"font-weight: 400;\">\u00a0<\/span><\/p>\n<\/div><\/section><\/div><\/div><\/div><\/div><!-- close content main div --><\/div><\/div><div id='after_section_1'  class='main_color av_default_container_wrap container_wrap sidebar_right'  ><div class='container av-section-cont-open' ><div class='template-page content  av-content-small alpha units'><div class='post-entry post-entry-type-page post-entry-740'><div class='entry-content-wrapper clearfix'>\n","protected":false},"excerpt":{"rendered":"","protected":false},"author":2,"featured_media":0,"parent":0,"menu_order":0,"comment_status":"closed","ping_status":"closed","template":"","meta":{"footnotes":""},"class_list":["post-740","page","type-page","status-publish","hentry"],"_links":{"self":[{"href":"http:\/\/e-ag-mals.it\/index.php?rest_route=\/wp\/v2\/pages\/740"}],"collection":[{"href":"http:\/\/e-ag-mals.it\/index.php?rest_route=\/wp\/v2\/pages"}],"about":[{"href":"http:\/\/e-ag-mals.it\/index.php?rest_route=\/wp\/v2\/types\/page"}],"author":[{"embeddable":true,"href":"http:\/\/e-ag-mals.it\/index.php?rest_route=\/wp\/v2\/users\/2"}],"replies":[{"embeddable":true,"href":"http:\/\/e-ag-mals.it\/index.php?rest_route=%2Fwp%2Fv2%2Fcomments&post=740"}],"version-history":[{"count":15,"href":"http:\/\/e-ag-mals.it\/index.php?rest_route=\/wp\/v2\/pages\/740\/revisions"}],"predecessor-version":[{"id":1247,"href":"http:\/\/e-ag-mals.it\/index.php?rest_route=\/wp\/v2\/pages\/740\/revisions\/1247"}],"wp:attachment":[{"href":"http:\/\/e-ag-mals.it\/index.php?rest_route=%2Fwp%2Fv2%2Fmedia&parent=740"}],"curies":[{"name":"wp","href":"https:\/\/api.w.org\/{rel}","templated":true}]}}